{"id":164,"date":"2025-07-27T15:43:48","date_gmt":"2025-07-27T15:43:48","guid":{"rendered":"https:\/\/agrolucy.com\/?page_id=164"},"modified":"2025-07-27T15:47:18","modified_gmt":"2025-07-27T15:47:18","slug":"blog","status":"publish","type":"page","link":"https:\/\/agrolucy.com\/index.php\/blog\/","title":{"rendered":"Blog"},"content":{"rendered":"\t\t<div data-elementor-type=\"wp-page\" data-elementor-id=\"164\" class=\"elementor elementor-164\">\n\t\t\t\t<div class=\"elementor-element elementor-element-7e4f089 e-flex e-con-boxed e-con e-parent\" data-id=\"7e4f089\" data-element_type=\"container\" data-e-type=\"container\" data-settings=\"{&quot;background_background&quot;:&quot;gradient&quot;}\">\n\t\t\t\t\t<div class=\"e-con-inner\">\n\t\t<div class=\"elementor-element elementor-element-84909f0 e-con-full e-flex e-con e-child\" data-id=\"84909f0\" data-element_type=\"container\" data-e-type=\"container\">\n\t\t\t\t<div class=\"elementor-element elementor-element-62a6df5 elementor-widget elementor-widget-heading\" data-id=\"62a6df5\" data-element_type=\"widget\" data-e-type=\"widget\" data-widget_type=\"heading.default\">\n\t\t\t\t\t<h2 class=\"elementor-heading-title elementor-size-default\">Blog<\/h2>\t\t\t\t<\/div>\n\t\t\t\t<\/div>\n\t\t\t\t<div class=\"elementor-element elementor-element-97ef39a elementor-widget elementor-widget-text-editor\" data-id=\"97ef39a\" data-element_type=\"widget\" data-e-type=\"widget\" data-widget_type=\"text-editor.default\">\n\t\t\t\t\t\t\t\t\t<p>Nesta p\u00e1gina explicamos um pouco sobre nossos parceiros e postaremos, diariamente, promo\u00e7\u00f5es de passagens, hospedagens, dicas e tudo o que os viajantes mais amam.\u00a0<\/p>\t\t\t\t\t\t\t\t<\/div>\n\t\t\t\t<div class=\"elementor-element elementor-element-0b1c4a5 elementor-widget__width-initial elementor-widget elementor-widget-text-editor\" data-id=\"0b1c4a5\" data-element_type=\"widget\" data-e-type=\"widget\" data-widget_type=\"text-editor.default\">\n\t\t\t\t\t\t\t\t\t<p>Escolhemos parceiros de refer\u00eancia mundial em passagens, hospedagens, passeios e comunica\u00e7\u00e3o.<\/p><p><span style=\"text-decoration: underline;\"><strong>Passagens e hospedagens<\/strong><\/span><\/p><p>Escolhemos a Trip.com por seu uma operadora internacional de servi\u00e7os de viagens completa, dispon\u00edvel em 24 idiomas, em 39 pa\u00edses e regi\u00f5es e em 35 moedas locais.<\/p><div><div>A Trip.com possui uma extensa rede de hot\u00e9is e voos, composta por mais de 1,7 milh\u00e3o de hot\u00e9is, e voos de mais de 600 companhias a\u00e9reas, cobrindo 3.400 aeroportos em 220 pa\u00edses e regi\u00f5es ao redor do mundo.<\/div><\/div><div><div>O atendimento ao cliente multil\u00edngue, 7 dias por semana e de alta qualidade da Trip.com, bem como seus centros adicionais em Edimburgo, T\u00f3quio e Seul, ajudam a &#8220;criar a melhor experi\u00eancia de viagem&#8221; para seus milh\u00f5es de clientes em todo o mundo. Para reservar sua pr\u00f3xima viagem, <a href=\"https:\/\/trip.tpx.li\/jz59carm\">clique aqui<\/a> .<\/div><div>\u00a0<\/div><\/div><div><div id=\"campaignText-7a60204b-5d69-40aa-887a-5fbc5de5b3d2\" class=\"blog-text container\" data-v-512ac6b2=\"\"><div class=\"text-component__container\" data-test-id=\"text-component\" data-v-512ac6b2=\"\" data-v-7d69911f=\"\"><p><span style=\"text-decoration: underline;\"><strong>Passeios<\/strong><\/span><\/p><p>A GetYourGuide foi fundada em 2009 por Johannes, Tao, Martin e Tobias depois que uma viagem confusa fez com que eles procurassem por uma abordagem diferente no modo de fazer turismo. A empresa surgiu para mudar o mundo do turismo com uma plataforma que re\u00fane as melhores atividades tur\u00edsticas de todo o mundo, tudo em um s\u00f3 lugar.<\/p><div class=\"text-component__clear\" data-v-7d69911f=\"\">\u00a0<\/div><\/div><\/div><\/div><div><span style=\"text-decoration: underline;\"><strong>Chip internacional<\/strong><\/span><\/div><div>\u00a0<\/div><div><div>A Airalo \u00e9 a primeira loja de eSIMs do mundo. Ela resolve o problema das altas contas de roaming, dando acesso a eSIMs (chips de celular virtuais). Com os eSIMs da Airalo, baixe e instale um pacote de dados digitais de mais de 200 pa\u00edses\/regi\u00f5es e esteja conectado em qualquer lugar do mundo assim que pousar. A miss\u00e3o da Airalo \u00e9 fornecer conectividade de dados global para todos os viajantes. A Airalo est\u00e1 presente em mais de 44 pa\u00edses e seis continentes, e somos unidos pelo compromisso de mudar o seu jeito de se conectar. Clique <a href=\"https:\/\/airalo.tpx.li\/72qFBnIp\">aqui<\/a> e escolha o seu chip.<\/div><\/div>\t\t\t\t\t\t\t\t<\/div>\n\t\t<div class=\"elementor-element elementor-element-0929d3e e-con-full e-flex e-con e-child\" data-id=\"0929d3e\" data-element_type=\"container\" data-e-type=\"container\">\n\t\t\t\t<div class=\"elementor-element elementor-element-78b7559 elementor-widget elementor-widget-image\" data-id=\"78b7559\" data-element_type=\"widget\" data-e-type=\"widget\" data-widget_type=\"image.default\">\n\t\t\t\t\t\t\t\t\t\t\t\t\t\t\t<img fetchpriority=\"high\" decoding=\"async\" width=\"800\" height=\"1000\" src=\"https:\/\/agrolucy.com\/wp-content\/uploads\/2025\/07\/POST-EM-BRANCO-MALA-COM-IMAGEM-819x1024.png\" class=\"attachment-large size-large wp-image-166\" alt=\"\" srcset=\"https:\/\/agrolucy.com\/wp-content\/uploads\/2025\/07\/POST-EM-BRANCO-MALA-COM-IMAGEM-819x1024.png 819w, https:\/\/agrolucy.com\/wp-content\/uploads\/2025\/07\/POST-EM-BRANCO-MALA-COM-IMAGEM-240x300.png 240w, https:\/\/agrolucy.com\/wp-content\/uploads\/2025\/07\/POST-EM-BRANCO-MALA-COM-IMAGEM-768x960.png 768w, https:\/\/agrolucy.com\/wp-content\/uploads\/2025\/07\/POST-EM-BRANCO-MALA-COM-IMAGEM.png 1080w\" sizes=\"(max-width: 800px) 100vw, 800px\" \/>\t\t\t\t\t\t\t\t\t\t\t\t\t\t\t<\/div>\n\t\t\t\t<\/div>\n\t\t\t\t\t<\/div>\n\t\t\t\t<\/div>\n\t\t\t\t<\/div>\n\t\t","protected":false},"excerpt":{"rendered":"<p>Blog Nesta p\u00e1gina explicamos um pouco sobre nossos parceiros e postaremos, diariamente, promo\u00e7\u00f5es de passagens, hospedagens, dicas e tudo o que os viajantes mais amam.\u00a0 Escolhemos parceiros de refer\u00eancia mundial em passagens, hospedagens, passeios e comunica\u00e7\u00e3o. Passagens e hospedagens Escolhemos a Trip.com por seu uma operadora internacional de servi\u00e7os de viagens completa, dispon\u00edvel em 24 [&hellip;]<\/p>\n","protected":false},"author":1,"featured_media":0,"parent":0,"menu_order":0,"comment_status":"closed","ping_status":"closed","template":"","meta":{"footnotes":""},"class_list":["post-164","page","type-page","status-publish","hentry"],"yoast_head":"<!-- This site is optimized with the Yoast SEO plugin v27.2 - https:\/\/yoast.com\/product\/yoast-seo-wordpress\/ -->\n<title>Blog - Agrolucy Turismo<\/title>\n<meta name=\"robots\" content=\"index, follow, max-snippet:-1, max-image-preview:large, max-video-preview:-1\" \/>\n<link rel=\"canonical\" href=\"https:\/\/agrolucy.com\/index.php\/blog\/\" \/>\n<meta property=\"og:locale\" content=\"pt_BR\" \/>\n<meta property=\"og:type\" content=\"article\" \/>\n<meta property=\"og:title\" content=\"Blog - Agrolucy Turismo\" \/>\n<meta property=\"og:description\" content=\"Blog Nesta p\u00e1gina explicamos um pouco sobre nossos parceiros e postaremos, diariamente, promo\u00e7\u00f5es de passagens, hospedagens, dicas e tudo o que os viajantes mais amam.\u00a0 Escolhemos parceiros de refer\u00eancia mundial em passagens, hospedagens, passeios e comunica\u00e7\u00e3o. Passagens e hospedagens Escolhemos a Trip.com por seu uma operadora internacional de servi\u00e7os de viagens completa, dispon\u00edvel em 24 [&hellip;]\" \/>\n<meta property=\"og:url\" content=\"https:\/\/agrolucy.com\/index.php\/blog\/\" \/>\n<meta property=\"og:site_name\" content=\"Agrolucy Turismo\" \/>\n<meta property=\"article:modified_time\" content=\"2025-07-27T15:47:18+00:00\" \/>\n<meta property=\"og:image\" content=\"https:\/\/agrolucy.com\/wp-content\/uploads\/2025\/07\/POST-EM-BRANCO-MALA-COM-IMAGEM.png\" \/>\n\t<meta property=\"og:image:width\" content=\"1080\" \/>\n\t<meta property=\"og:image:height\" content=\"1350\" \/>\n\t<meta property=\"og:image:type\" content=\"image\/png\" \/>\n<meta name=\"twitter:card\" content=\"summary_large_image\" \/>\n<meta name=\"twitter:label1\" content=\"Est. tempo de leitura\" \/>\n\t<meta name=\"twitter:data1\" content=\"2 minutos\" \/>\n<script type=\"application\/ld+json\" class=\"yoast-schema-graph\">{\"@context\":\"https:\/\/schema.org\",\"@graph\":[{\"@type\":\"WebPage\",\"@id\":\"https:\/\/agrolucy.com\/index.php\/blog\/\",\"url\":\"https:\/\/agrolucy.com\/index.php\/blog\/\",\"name\":\"Blog - Agrolucy Turismo\",\"isPartOf\":{\"@id\":\"https:\/\/agrolucy.com\/#website\"},\"primaryImageOfPage\":{\"@id\":\"https:\/\/agrolucy.com\/index.php\/blog\/#primaryimage\"},\"image\":{\"@id\":\"https:\/\/agrolucy.com\/index.php\/blog\/#primaryimage\"},\"thumbnailUrl\":\"https:\/\/agrolucy.com\/wp-content\/uploads\/2025\/07\/POST-EM-BRANCO-MALA-COM-IMAGEM-819x1024.png\",\"datePublished\":\"2025-07-27T15:43:48+00:00\",\"dateModified\":\"2025-07-27T15:47:18+00:00\",\"breadcrumb\":{\"@id\":\"https:\/\/agrolucy.com\/index.php\/blog\/#breadcrumb\"},\"inLanguage\":\"pt-BR\",\"potentialAction\":[{\"@type\":\"ReadAction\",\"target\":[\"https:\/\/agrolucy.com\/index.php\/blog\/\"]}]},{\"@type\":\"ImageObject\",\"inLanguage\":\"pt-BR\",\"@id\":\"https:\/\/agrolucy.com\/index.php\/blog\/#primaryimage\",\"url\":\"https:\/\/agrolucy.com\/wp-content\/uploads\/2025\/07\/POST-EM-BRANCO-MALA-COM-IMAGEM.png\",\"contentUrl\":\"https:\/\/agrolucy.com\/wp-content\/uploads\/2025\/07\/POST-EM-BRANCO-MALA-COM-IMAGEM.png\",\"width\":1080,\"height\":1350},{\"@type\":\"BreadcrumbList\",\"@id\":\"https:\/\/agrolucy.com\/index.php\/blog\/#breadcrumb\",\"itemListElement\":[{\"@type\":\"ListItem\",\"position\":1,\"name\":\"In\u00edcio\",\"item\":\"https:\/\/agrolucy.com\/\"},{\"@type\":\"ListItem\",\"position\":2,\"name\":\"Blog\"}]},{\"@type\":\"WebSite\",\"@id\":\"https:\/\/agrolucy.com\/#website\",\"url\":\"https:\/\/agrolucy.com\/\",\"name\":\"Agrolucy Turismo\",\"description\":\"Cultivando experi\u00eancias, colhendo mem\u00f3rias.\",\"publisher\":{\"@id\":\"https:\/\/agrolucy.com\/#organization\"},\"potentialAction\":[{\"@type\":\"SearchAction\",\"target\":{\"@type\":\"EntryPoint\",\"urlTemplate\":\"https:\/\/agrolucy.com\/?s={search_term_string}\"},\"query-input\":{\"@type\":\"PropertyValueSpecification\",\"valueRequired\":true,\"valueName\":\"search_term_string\"}}],\"inLanguage\":\"pt-BR\"},{\"@type\":\"Organization\",\"@id\":\"https:\/\/agrolucy.com\/#organization\",\"name\":\"Agrolucy Turismo\",\"url\":\"https:\/\/agrolucy.com\/\",\"logo\":{\"@type\":\"ImageObject\",\"inLanguage\":\"pt-BR\",\"@id\":\"https:\/\/agrolucy.com\/#\/schema\/logo\/image\/\",\"url\":\"\",\"contentUrl\":\"\",\"caption\":\"Agrolucy Turismo\"},\"image\":{\"@id\":\"https:\/\/agrolucy.com\/#\/schema\/logo\/image\/\"}}]}<\/script>\n<!-- \/ Yoast SEO plugin. -->","yoast_head_json":{"title":"Blog - Agrolucy Turismo","robots":{"index":"index","follow":"follow","max-snippet":"max-snippet:-1","max-image-preview":"max-image-preview:large","max-video-preview":"max-video-preview:-1"},"canonical":"https:\/\/agrolucy.com\/index.php\/blog\/","og_locale":"pt_BR","og_type":"article","og_title":"Blog - Agrolucy Turismo","og_description":"Blog Nesta p\u00e1gina explicamos um pouco sobre nossos parceiros e postaremos, diariamente, promo\u00e7\u00f5es de passagens, hospedagens, dicas e tudo o que os viajantes mais amam.\u00a0 Escolhemos parceiros de refer\u00eancia mundial em passagens, hospedagens, passeios e comunica\u00e7\u00e3o. Passagens e hospedagens Escolhemos a Trip.com por seu uma operadora internacional de servi\u00e7os de viagens completa, dispon\u00edvel em 24 [&hellip;]","og_url":"https:\/\/agrolucy.com\/index.php\/blog\/","og_site_name":"Agrolucy Turismo","article_modified_time":"2025-07-27T15:47:18+00:00","og_image":[{"width":1080,"height":1350,"url":"https:\/\/agrolucy.com\/wp-content\/uploads\/2025\/07\/POST-EM-BRANCO-MALA-COM-IMAGEM.png","type":"image\/png"}],"twitter_card":"summary_large_image","twitter_misc":{"Est. tempo de leitura":"2 minutos"},"schema":{"@context":"https:\/\/schema.org","@graph":[{"@type":"WebPage","@id":"https:\/\/agrolucy.com\/index.php\/blog\/","url":"https:\/\/agrolucy.com\/index.php\/blog\/","name":"Blog - Agrolucy Turismo","isPartOf":{"@id":"https:\/\/agrolucy.com\/#website"},"primaryImageOfPage":{"@id":"https:\/\/agrolucy.com\/index.php\/blog\/#primaryimage"},"image":{"@id":"https:\/\/agrolucy.com\/index.php\/blog\/#primaryimage"},"thumbnailUrl":"https:\/\/agrolucy.com\/wp-content\/uploads\/2025\/07\/POST-EM-BRANCO-MALA-COM-IMAGEM-819x1024.png","datePublished":"2025-07-27T15:43:48+00:00","dateModified":"2025-07-27T15:47:18+00:00","breadcrumb":{"@id":"https:\/\/agrolucy.com\/index.php\/blog\/#breadcrumb"},"inLanguage":"pt-BR","potentialAction":[{"@type":"ReadAction","target":["https:\/\/agrolucy.com\/index.php\/blog\/"]}]},{"@type":"ImageObject","inLanguage":"pt-BR","@id":"https:\/\/agrolucy.com\/index.php\/blog\/#primaryimage","url":"https:\/\/agrolucy.com\/wp-content\/uploads\/2025\/07\/POST-EM-BRANCO-MALA-COM-IMAGEM.png","contentUrl":"https:\/\/agrolucy.com\/wp-content\/uploads\/2025\/07\/POST-EM-BRANCO-MALA-COM-IMAGEM.png","width":1080,"height":1350},{"@type":"BreadcrumbList","@id":"https:\/\/agrolucy.com\/index.php\/blog\/#breadcrumb","itemListElement":[{"@type":"ListItem","position":1,"name":"In\u00edcio","item":"https:\/\/agrolucy.com\/"},{"@type":"ListItem","position":2,"name":"Blog"}]},{"@type":"WebSite","@id":"https:\/\/agrolucy.com\/#website","url":"https:\/\/agrolucy.com\/","name":"Agrolucy Turismo","description":"Cultivando experi\u00eancias, colhendo mem\u00f3rias.","publisher":{"@id":"https:\/\/agrolucy.com\/#organization"},"potentialAction":[{"@type":"SearchAction","target":{"@type":"EntryPoint","urlTemplate":"https:\/\/agrolucy.com\/?s={search_term_string}"},"query-input":{"@type":"PropertyValueSpecification","valueRequired":true,"valueName":"search_term_string"}}],"inLanguage":"pt-BR"},{"@type":"Organization","@id":"https:\/\/agrolucy.com\/#organization","name":"Agrolucy Turismo","url":"https:\/\/agrolucy.com\/","logo":{"@type":"ImageObject","inLanguage":"pt-BR","@id":"https:\/\/agrolucy.com\/#\/schema\/logo\/image\/","url":"","contentUrl":"","caption":"Agrolucy Turismo"},"image":{"@id":"https:\/\/agrolucy.com\/#\/schema\/logo\/image\/"}}]}},"_links":{"self":[{"href":"https:\/\/agrolucy.com\/index.php\/wp-json\/wp\/v2\/pages\/164","targetHints":{"allow":["GET"]}}],"collection":[{"href":"https:\/\/agrolucy.com\/index.php\/wp-json\/wp\/v2\/pages"}],"about":[{"href":"https:\/\/agrolucy.com\/index.php\/wp-json\/wp\/v2\/types\/page"}],"author":[{"embeddable":true,"href":"https:\/\/agrolucy.com\/index.php\/wp-json\/wp\/v2\/users\/1"}],"replies":[{"embeddable":true,"href":"https:\/\/agrolucy.com\/index.php\/wp-json\/wp\/v2\/comments?post=164"}],"version-history":[{"count":7,"href":"https:\/\/agrolucy.com\/index.php\/wp-json\/wp\/v2\/pages\/164\/revisions"}],"predecessor-version":[{"id":173,"href":"https:\/\/agrolucy.com\/index.php\/wp-json\/wp\/v2\/pages\/164\/revisions\/173"}],"wp:attachment":[{"href":"https:\/\/agrolucy.com\/index.php\/wp-json\/wp\/v2\/media?parent=164"}],"curies":[{"name":"wp","href":"https:\/\/api.w.org\/{rel}","templated":true}]}}