{"id":47,"date":"2025-07-23T19:13:03","date_gmt":"2025-07-23T19:13:03","guid":{"rendered":"https:\/\/agrolucy.com\/?page_id=47"},"modified":"2025-08-12T23:50:54","modified_gmt":"2025-08-12T23:50:54","slug":"home","status":"publish","type":"page","link":"https:\/\/agrolucy.com\/","title":{"rendered":"In\u00edcio"},"content":{"rendered":"\t\t<div data-elementor-type=\"wp-page\" data-elementor-id=\"47\" class=\"elementor elementor-47\">\n\t\t\t\t<div class=\"elementor-element elementor-element-8967d57 e-flex e-con-boxed e-con e-parent\" data-id=\"8967d57\" data-element_type=\"container\" data-e-type=\"container\" data-settings=\"{&quot;background_background&quot;:&quot;gradient&quot;}\">\n\t\t\t\t\t<div class=\"e-con-inner\">\n\t\t<div class=\"elementor-element elementor-element-770b77b e-con-full e-flex e-con e-child\" data-id=\"770b77b\" data-element_type=\"container\" data-e-type=\"container\">\n\t\t\t\t<div class=\"elementor-element elementor-element-b332035 elementor-widget elementor-widget-heading\" data-id=\"b332035\" data-element_type=\"widget\" data-e-type=\"widget\" data-widget_type=\"heading.default\">\n\t\t\t\t\t<h2 class=\"elementor-heading-title elementor-size-default\">CULTIVANDO EXPERI\u00caNCIAS, COLHENDO MEM\u00d3RIAS<\/h2>\t\t\t\t<\/div>\n\t\t\t\t<div class=\"elementor-element elementor-element-cd104e0 elementor-widget elementor-widget-text-editor\" data-id=\"cd104e0\" data-element_type=\"widget\" data-e-type=\"widget\" data-widget_type=\"text-editor.default\">\n\t\t\t\t\t\t\t\t\t<p><strong>AGUARDEM!<br \/>Em breve, uma ag\u00eancia de viagens especialmente pra voc\u00ea.\u00a0<\/strong><\/p>\t\t\t\t\t\t\t\t<\/div>\n\t\t\t\t<div class=\"elementor-element elementor-element-85018e3 elementor-widget__width-inherit elementor-widget elementor-widget-image\" data-id=\"85018e3\" data-element_type=\"widget\" data-e-type=\"widget\" data-widget_type=\"image.default\">\n\t\t\t\t\t\t\t\t\t\t\t\t\t\t\t<img fetchpriority=\"high\" decoding=\"async\" width=\"800\" height=\"180\" src=\"https:\/\/agrolucy.com\/wp-content\/uploads\/2025\/07\/AGROLUCY-12-1024x231.png\" class=\"attachment-large size-large wp-image-107\" alt=\"\" srcset=\"https:\/\/agrolucy.com\/wp-content\/uploads\/2025\/07\/AGROLUCY-12-1024x231.png 1024w, https:\/\/agrolucy.com\/wp-content\/uploads\/2025\/07\/AGROLUCY-12-300x68.png 300w, https:\/\/agrolucy.com\/wp-content\/uploads\/2025\/07\/AGROLUCY-12-768x173.png 768w, https:\/\/agrolucy.com\/wp-content\/uploads\/2025\/07\/AGROLUCY-12-1536x346.png 1536w, https:\/\/agrolucy.com\/wp-content\/uploads\/2025\/07\/AGROLUCY-12-2048x462.png 2048w\" sizes=\"(max-width: 800px) 100vw, 800px\" \/>\t\t\t\t\t\t\t\t\t\t\t\t\t\t\t<\/div>\n\t\t\t\t<\/div>\n\t\t<div class=\"elementor-element elementor-element-0f7f49e e-con-full e-flex e-con e-child\" data-id=\"0f7f49e\" data-element_type=\"container\" data-e-type=\"container\">\n\t\t\t\t<div class=\"elementor-element elementor-element-7a14076 elementor-widget__width-initial elementor-widget elementor-widget-image\" data-id=\"7a14076\" data-element_type=\"widget\" data-e-type=\"widget\" data-widget_type=\"image.default\">\n\t\t\t\t\t\t\t\t\t\t\t\t\t\t\t<img decoding=\"async\" width=\"800\" height=\"388\" src=\"https:\/\/agrolucy.com\/wp-content\/uploads\/2025\/07\/JOAO-PESSO-BY-IA2-1-1024x497.png\" class=\"attachment-large size-large wp-image-105\" alt=\"\" srcset=\"https:\/\/agrolucy.com\/wp-content\/uploads\/2025\/07\/JOAO-PESSO-BY-IA2-1-1024x497.png 1024w, https:\/\/agrolucy.com\/wp-content\/uploads\/2025\/07\/JOAO-PESSO-BY-IA2-1-300x146.png 300w, https:\/\/agrolucy.com\/wp-content\/uploads\/2025\/07\/JOAO-PESSO-BY-IA2-1-768x373.png 768w, https:\/\/agrolucy.com\/wp-content\/uploads\/2025\/07\/JOAO-PESSO-BY-IA2-1.png 1361w\" sizes=\"(max-width: 800px) 100vw, 800px\" \/>\t\t\t\t\t\t\t\t\t\t\t\t\t\t\t<\/div>\n\t\t\t\t<\/div>\n\t\t\t\t<div class=\"elementor-element elementor-element-e2ba0fb elementor-tablet-align-center elementor-widget__width-initial elementor-widget-tablet__width-auto elementor-widget elementor-widget-button\" data-id=\"e2ba0fb\" data-element_type=\"widget\" data-e-type=\"widget\" data-widget_type=\"button.default\">\n\t\t\t\t\t\t\t\t\t\t<a class=\"elementor-button elementor-button-link elementor-size-sm\" href=\"https:\/\/wa.me\/5565993271711?text=Ol\u00e1,%20gostaria%20de%20um%20or\u00e7amento%20para%20uma%20viagem.%20\">\n\t\t\t\t\t\t<span class=\"elementor-button-content-wrapper\">\n\t\t\t\t\t\t<span class=\"elementor-button-icon\">\n\t\t\t\t<svg aria-hidden=\"true\" class=\"e-font-icon-svg e-fab-whatsapp\" viewBox=\"0 0 448 512\" xmlns=\"http:\/\/www.w3.org\/2000\/svg\"><path d=\"M380.9 97.1C339 55.1 283.2 32 223.9 32c-122.4 0-222 99.6-222 222 0 39.1 10.2 77.3 29.6 111L0 480l117.7-30.9c32.4 17.7 68.9 27 106.1 27h.1c122.3 0 224.1-99.6 224.1-222 0-59.3-25.2-115-67.1-157zm-157 341.6c-33.2 0-65.7-8.9-94-25.7l-6.7-4-69.8 18.3L72 359.2l-4.4-7c-18.5-29.4-28.2-63.3-28.2-98.2 0-101.7 82.8-184.5 184.6-184.5 49.3 0 95.6 19.2 130.4 54.1 34.8 34.9 56.2 81.2 56.1 130.5 0 101.8-84.9 184.6-186.6 184.6zm101.2-138.2c-5.5-2.8-32.8-16.2-37.9-18-5.1-1.9-8.8-2.8-12.5 2.8-3.7 5.6-14.3 18-17.6 21.8-3.2 3.7-6.5 4.2-12 1.4-32.6-16.3-54-29.1-75.5-66-5.7-9.8 5.7-9.1 16.3-30.3 1.8-3.7.9-6.9-.5-9.7-1.4-2.8-12.5-30.1-17.1-41.2-4.5-10.8-9.1-9.3-12.5-9.5-3.2-.2-6.9-.2-10.6-.2-3.7 0-9.7 1.4-14.8 6.9-5.1 5.6-19.4 19-19.4 46.3 0 27.3 19.9 53.7 22.6 57.4 2.8 3.7 39.1 59.7 94.8 83.8 35.2 15.2 49 16.5 66.6 13.9 10.7-1.6 32.8-13.4 37.4-26.4 4.6-13 4.6-24.1 3.2-26.4-1.3-2.5-5-3.9-10.5-6.6z\"><\/path><\/svg>\t\t\t<\/span>\n\t\t\t\t\t\t\t\t\t<span class=\"elementor-button-text\">Fale conosco<\/span>\n\t\t\t\t\t<\/span>\n\t\t\t\t\t<\/a>\n\t\t\t\t\t\t\t\t<\/div>\n\t\t\t\t\t<\/div>\n\t\t\t\t<\/div>\n\t\t<div class=\"elementor-element elementor-element-2495fba e-con-full e-flex e-con e-parent\" data-id=\"2495fba\" data-element_type=\"container\" data-e-type=\"container\" data-settings=\"{&quot;background_background&quot;:&quot;gradient&quot;}\">\n\t\t<div class=\"elementor-element elementor-element-3065ab8 e-con-full e-flex e-con e-child\" data-id=\"3065ab8\" data-element_type=\"container\" data-e-type=\"container\" data-settings=\"{&quot;background_background&quot;:&quot;classic&quot;}\">\n\t\t\t\t<div class=\"elementor-element elementor-element-99f99b5 elementor-widget__width-inherit elementor-widget elementor-widget-heading\" data-id=\"99f99b5\" data-element_type=\"widget\" data-e-type=\"widget\" data-widget_type=\"heading.default\">\n\t\t\t\t\t<h2 class=\"elementor-heading-title elementor-size-default\">Escolha sua pr\u00f3xima experi\u00eancia:<\/h2>\t\t\t\t<\/div>\n\t\t\t\t<div class=\"elementor-element elementor-element-6ff626c elementor-widget__width-inherit elementor-widget elementor-widget-heading\" data-id=\"6ff626c\" data-element_type=\"widget\" data-e-type=\"widget\" data-widget_type=\"heading.default\">\n\t\t\t\t\t<h2 class=\"elementor-heading-title elementor-size-default\"><h2 class=\"elementor-heading-title elementor-size-default elementor-inline-editing pen\" data-elementor-setting-key=\"title\" data-pen-placeholder=\"Digite aqui...\">Busque aqui o seu v\u00f4o<span style=\"background-color: transparent\"><\/span><\/h2><\/h2>\t\t\t\t<\/div>\n\t\t\t\t<div class=\"elementor-element elementor-element-3bdb08b elementor-widget__width-inherit elementor-widget elementor-widget-html\" data-id=\"3bdb08b\" data-element_type=\"widget\" data-e-type=\"widget\" data-widget_type=\"html.default\">\n\t\t\t\t\t<script async src=\"https:\/\/tpwgt.com\/content?trs=441415&shmarker=655890&locale=en&curr=BRL&default_origin=Cuiaba&powered_by=true&border_radius=5&plain=true&color_button=%23f2685f&color_button_text=%23ffffff&color_border=%232681ff&promo_id=4132&campaign_id=121\" charset=\"utf-8\"><\/script>\t\t\t\t<\/div>\n\t\t\t\t<div class=\"elementor-element elementor-element-6afa689 elementor-widget__width-inherit elementor-widget elementor-widget-heading\" data-id=\"6afa689\" data-element_type=\"widget\" data-e-type=\"widget\" data-widget_type=\"heading.default\">\n\t\t\t\t\t<h2 class=\"elementor-heading-title elementor-size-default\">Escolha seus passeios e tenha uma experi\u00eancia completa<\/h2>\t\t\t\t<\/div>\n\t\t\t\t<div class=\"elementor-element elementor-element-7813b53 elementor-align-center elementor-widget__width-inherit elementor-widget elementor-widget-button\" data-id=\"7813b53\" data-element_type=\"widget\" data-e-type=\"widget\" data-widget_type=\"button.default\">\n\t\t\t\t\t\t\t\t\t\t<a class=\"elementor-button elementor-button-link elementor-size-sm\" href=\"https:\/\/getyourguide.tpx.li\/LeOhPhwG\" target=\"_blank\">\n\t\t\t\t\t\t<span class=\"elementor-button-content-wrapper\">\n\t\t\t\t\t\t<span class=\"elementor-button-icon\">\n\t\t\t\t<svg aria-hidden=\"true\" class=\"e-font-icon-svg e-far-grin-alt\" viewBox=\"0 0 496 512\" xmlns=\"http:\/\/www.w3.org\/2000\/svg\"><path d=\"M200.3 248c12.4-18.7 15.1-37.3 15.7-56-.5-18.7-3.3-37.3-15.7-56-8-12-25.1-11.4-32.7 0-12.4 18.7-15.1 37.3-15.7 56 .5 18.7 3.3 37.3 15.7 56 8.1 12 25.2 11.4 32.7 0zm128 0c12.4-18.7 15.1-37.3 15.7-56-.5-18.7-3.3-37.3-15.7-56-8-12-25.1-11.4-32.7 0-12.4 18.7-15.1 37.3-15.7 56 .5 18.7 3.3 37.3 15.7 56 8.1 12 25.2 11.4 32.7 0zM248 8C111 8 0 119 0 256s111 248 248 248 248-111 248-248S385 8 248 8zm0 448c-110.3 0-200-89.7-200-200S137.7 56 248 56s200 89.7 200 200-89.7 200-200 200zm105.6-151.4c-25.9 8.3-64.4 13.1-105.6 13.1s-79.6-4.8-105.6-13.1c-9.9-3.1-19.4 5.3-17.7 15.3 7.9 47.2 71.3 80 123.3 80s115.3-32.9 123.3-80c1.6-9.8-7.7-18.4-17.7-15.3z\"><\/path><\/svg>\t\t\t<\/span>\n\t\t\t\t\t\t\t\t\t<span class=\"elementor-button-text\"> QUERO ESCOLHER OS PASSEIOS<\/span>\n\t\t\t\t\t<\/span>\n\t\t\t\t\t<\/a>\n\t\t\t\t\t\t\t\t<\/div>\n\t\t\t\t<div class=\"elementor-element elementor-element-a86c03f elementor-widget__width-inherit elementor-widget elementor-widget-html\" data-id=\"a86c03f\" data-element_type=\"widget\" data-e-type=\"widget\" data-widget_type=\"html.default\">\n\t\t\t\t\t<script async src=\"https:\/\/tpwgt.com\/content?trs=441415&shmarker=655890&place=paris&items=4&locale=pt-PT&powered_by=true&campaign_id=108&promo_id=4039\" charset=\"utf-8\"><\/script>\n\t\t\t\t<\/div>\n\t\t\t\t<div class=\"elementor-element elementor-element-26a9d46 elementor-widget__width-inherit elementor-widget elementor-widget-heading\" data-id=\"26a9d46\" data-element_type=\"widget\" data-e-type=\"widget\" data-widget_type=\"heading.default\">\n\t\t\t\t\t<h2 class=\"elementor-heading-title elementor-size-default\"><a href=\"https:\/\/trip.tpx.li\/e5uIF8fb\">Escolha sua hospedagem ou preencha o formul\u00e1rio para receber uma cota\u00e7\u00e3o personalizada<\/a><\/h2>\t\t\t\t<\/div>\n\t\t\t\t<div class=\"elementor-element elementor-element-6f6bd6f elementor-widget__width-inherit elementor-widget elementor-widget-html\" data-id=\"6f6bd6f\" data-element_type=\"widget\" data-e-type=\"widget\" data-widget_type=\"html.default\">\n\t\t\t\t\t<script async src=\"https:\/\/tpwgt.com\/content?trs=441415&shmarker=655890&lang=www&layout=S10391&powered_by=true&campaign_id=121&promo_id=4038\" charset=\"utf-8\"><\/script>\t\t\t\t<\/div>\n\t\t\t\t<div class=\"elementor-element elementor-element-46ccadc elementor-align-justify elementor-widget__width-inherit elementor-widget elementor-widget-button\" data-id=\"46ccadc\" data-element_type=\"widget\" data-e-type=\"widget\" data-widget_type=\"button.default\">\n\t\t\t\t\t\t\t\t\t\t<a class=\"elementor-button elementor-button-link elementor-size-sm\" href=\"https:\/\/docs.google.com\/forms\/d\/e\/1FAIpQLSfMBpMu6z4h0GkS0urnzowv6FKF0Gj5eaZ9_VHTG3hukT4XNA\/viewform?usp=sharing&#038;ouid=100882564165016931912\">\n\t\t\t\t\t\t<span class=\"elementor-button-content-wrapper\">\n\t\t\t\t\t\t<span class=\"elementor-button-icon\">\n\t\t\t\t<svg aria-hidden=\"true\" class=\"e-font-icon-svg e-far-address-card\" viewBox=\"0 0 576 512\" xmlns=\"http:\/\/www.w3.org\/2000\/svg\"><path d=\"M528 32H48C21.5 32 0 53.5 0 80v352c0 26.5 21.5 48 48 48h480c26.5 0 48-21.5 48-48V80c0-26.5-21.5-48-48-48zm0 400H48V80h480v352zM208 256c35.3 0 64-28.7 64-64s-28.7-64-64-64-64 28.7-64 64 28.7 64 64 64zm-89.6 128h179.2c12.4 0 22.4-8.6 22.4-19.2v-19.2c0-31.8-30.1-57.6-67.2-57.6-10.8 0-18.7 8-44.8 8-26.9 0-33.4-8-44.8-8-37.1 0-67.2 25.8-67.2 57.6v19.2c0 10.6 10 19.2 22.4 19.2zM360 320h112c4.4 0 8-3.6 8-8v-16c0-4.4-3.6-8-8-8H360c-4.4 0-8 3.6-8 8v16c0 4.4 3.6 8 8 8zm0-64h112c4.4 0 8-3.6 8-8v-16c0-4.4-3.6-8-8-8H360c-4.4 0-8 3.6-8 8v16c0 4.4 3.6 8 8 8zm0-64h112c4.4 0 8-3.6 8-8v-16c0-4.4-3.6-8-8-8H360c-4.4 0-8 3.6-8 8v16c0 4.4 3.6 8 8 8z\"><\/path><\/svg>\t\t\t<\/span>\n\t\t\t\t\t\t\t\t\t<span class=\"elementor-button-text\">QUERO UMA COTA\u00c7\u00c3O PERSONALIZADA<\/span>\n\t\t\t\t\t<\/span>\n\t\t\t\t\t<\/a>\n\t\t\t\t\t\t\t\t<\/div>\n\t\t\t\t<div class=\"elementor-element elementor-element-3778381 elementor-widget__width-inherit elementor-widget elementor-widget-heading\" data-id=\"3778381\" data-element_type=\"widget\" data-e-type=\"widget\" data-widget_type=\"heading.default\">\n\t\t\t\t\t<h2 class=\"elementor-heading-title elementor-size-default\">Precisando de internet?<\/h2>\t\t\t\t<\/div>\n\t\t\t\t<div class=\"elementor-element elementor-element-efe31b7 elementor-widget elementor-widget-text-editor\" data-id=\"efe31b7\" data-element_type=\"widget\" data-e-type=\"widget\" data-widget_type=\"text-editor.default\">\n\t\t\t\t\t\t\t\t\t<p>A Airalo \u00e9 a primeira loja de eSIMs (chips de celular virtuais) do mundo. Escolha o seu pacote de dados digitais para mais de 200 pa\u00edses\/regi\u00f5es e esteja conectado em qualquer lugar do mundo assim que pousar.<\/p>\t\t\t\t\t\t\t\t<\/div>\n\t\t\t\t<div class=\"elementor-element elementor-element-b98f627 elementor-widget__width-inherit elementor-widget elementor-widget-html\" data-id=\"b98f627\" data-element_type=\"widget\" data-e-type=\"widget\" data-widget_type=\"html.default\">\n\t\t\t\t\t<script async src=\"https:\/\/tpwgt.com\/content?trs=441415&shmarker=655890&locale=en&country=United%20States&powered_by=true&color_button=%23F55900&color_focused=%23f2685f&secondary=%23FFCC00&dark=%2311100f&light=%23FFFFFF&special=%23C4C4C4&border_radius=5&plain=false&no_labels=true&promo_id=8588&campaign_id=541\" charset=\"utf-8\"><\/script>\n\t\t\t\t<\/div>\n\t\t\t\t<\/div>\n\t\t\t\t<\/div>\n\t\t\t\t<\/div>\n\t\t","protected":false},"excerpt":{"rendered":"<p>CULTIVANDO EXPERI\u00caNCIAS, COLHENDO MEM\u00d3RIAS AGUARDEM!Em breve, uma ag\u00eancia de viagens especialmente pra voc\u00ea.\u00a0 Fale conosco Escolha sua pr\u00f3xima experi\u00eancia: Busque aqui o seu v\u00f4o Escolha seus passeios e tenha uma experi\u00eancia completa QUERO ESCOLHER OS PASSEIOS Escolha sua hospedagem ou preencha o formul\u00e1rio para receber uma cota\u00e7\u00e3o personalizada QUERO UMA COTA\u00c7\u00c3O PERSONALIZADA Precisando de internet? [&hellip;]<\/p>\n","protected":false},"author":1,"featured_media":0,"parent":0,"menu_order":0,"comment_status":"closed","ping_status":"closed","template":"elementor_header_footer","meta":{"footnotes":""},"class_list":["post-47","page","type-page","status-publish","hentry"],"yoast_head":"<!-- This site is optimized with the Yoast SEO plugin v27.2 - https:\/\/yoast.com\/product\/yoast-seo-wordpress\/ -->\n<title>In\u00edcio - Agrolucy Turismo<\/title>\n<meta name=\"robots\" content=\"index, follow, max-snippet:-1, max-image-preview:large, max-video-preview:-1\" \/>\n<link rel=\"canonical\" href=\"https:\/\/agrolucy.com\/\" \/>\n<meta property=\"og:locale\" content=\"pt_BR\" \/>\n<meta property=\"og:type\" content=\"article\" \/>\n<meta property=\"og:title\" content=\"In\u00edcio - Agrolucy Turismo\" \/>\n<meta property=\"og:description\" content=\"CULTIVANDO EXPERI\u00caNCIAS, COLHENDO MEM\u00d3RIAS AGUARDEM!Em breve, uma ag\u00eancia de viagens especialmente pra voc\u00ea.\u00a0 Fale conosco Escolha sua pr\u00f3xima experi\u00eancia: Busque aqui o seu v\u00f4o Escolha seus passeios e tenha uma experi\u00eancia completa QUERO ESCOLHER OS PASSEIOS Escolha sua hospedagem ou preencha o formul\u00e1rio para receber uma cota\u00e7\u00e3o personalizada QUERO UMA COTA\u00c7\u00c3O PERSONALIZADA Precisando de internet? [&hellip;]\" \/>\n<meta property=\"og:url\" content=\"https:\/\/agrolucy.com\/\" \/>\n<meta property=\"og:site_name\" content=\"Agrolucy Turismo\" \/>\n<meta property=\"article:modified_time\" content=\"2025-08-12T23:50:54+00:00\" \/>\n<meta property=\"og:image\" content=\"https:\/\/agrolucy.com\/wp-content\/uploads\/2025\/07\/AGROLUCY-12-scaled.png\" \/>\n\t<meta property=\"og:image:width\" content=\"2560\" \/>\n\t<meta property=\"og:image:height\" content=\"577\" \/>\n\t<meta property=\"og:image:type\" content=\"image\/png\" \/>\n<meta name=\"twitter:card\" content=\"summary_large_image\" \/>\n<meta name=\"twitter:label1\" content=\"Est. tempo de leitura\" \/>\n\t<meta name=\"twitter:data1\" content=\"1 minuto\" \/>\n<script type=\"application\/ld+json\" class=\"yoast-schema-graph\">{\"@context\":\"https:\/\/schema.org\",\"@graph\":[{\"@type\":\"WebPage\",\"@id\":\"https:\/\/agrolucy.com\/\",\"url\":\"https:\/\/agrolucy.com\/\",\"name\":\"In\u00edcio - Agrolucy Turismo\",\"isPartOf\":{\"@id\":\"https:\/\/agrolucy.com\/#website\"},\"primaryImageOfPage\":{\"@id\":\"https:\/\/agrolucy.com\/#primaryimage\"},\"image\":{\"@id\":\"https:\/\/agrolucy.com\/#primaryimage\"},\"thumbnailUrl\":\"https:\/\/agrolucy.com\/wp-content\/uploads\/2025\/07\/AGROLUCY-12-1024x231.png\",\"datePublished\":\"2025-07-23T19:13:03+00:00\",\"dateModified\":\"2025-08-12T23:50:54+00:00\",\"breadcrumb\":{\"@id\":\"https:\/\/agrolucy.com\/#breadcrumb\"},\"inLanguage\":\"pt-BR\",\"potentialAction\":[{\"@type\":\"ReadAction\",\"target\":[\"https:\/\/agrolucy.com\/\"]}]},{\"@type\":\"ImageObject\",\"inLanguage\":\"pt-BR\",\"@id\":\"https:\/\/agrolucy.com\/#primaryimage\",\"url\":\"https:\/\/agrolucy.com\/wp-content\/uploads\/2025\/07\/AGROLUCY-12-scaled.png\",\"contentUrl\":\"https:\/\/agrolucy.com\/wp-content\/uploads\/2025\/07\/AGROLUCY-12-scaled.png\",\"width\":2560,\"height\":577},{\"@type\":\"BreadcrumbList\",\"@id\":\"https:\/\/agrolucy.com\/#breadcrumb\",\"itemListElement\":[{\"@type\":\"ListItem\",\"position\":1,\"name\":\"In\u00edcio\",\"item\":\"https:\/\/agrolucy.com\/\"},{\"@type\":\"ListItem\",\"position\":2,\"name\":\"In\u00edcio\"}]},{\"@type\":\"WebSite\",\"@id\":\"https:\/\/agrolucy.com\/#website\",\"url\":\"https:\/\/agrolucy.com\/\",\"name\":\"Agrolucy Turismo\",\"description\":\"Cultivando experi\u00eancias, colhendo mem\u00f3rias.\",\"publisher\":{\"@id\":\"https:\/\/agrolucy.com\/#organization\"},\"potentialAction\":[{\"@type\":\"SearchAction\",\"target\":{\"@type\":\"EntryPoint\",\"urlTemplate\":\"https:\/\/agrolucy.com\/?s={search_term_string}\"},\"query-input\":{\"@type\":\"PropertyValueSpecification\",\"valueRequired\":true,\"valueName\":\"search_term_string\"}}],\"inLanguage\":\"pt-BR\"},{\"@type\":\"Organization\",\"@id\":\"https:\/\/agrolucy.com\/#organization\",\"name\":\"Agrolucy Turismo\",\"url\":\"https:\/\/agrolucy.com\/\",\"logo\":{\"@type\":\"ImageObject\",\"inLanguage\":\"pt-BR\",\"@id\":\"https:\/\/agrolucy.com\/#\/schema\/logo\/image\/\",\"url\":\"\",\"contentUrl\":\"\",\"caption\":\"Agrolucy Turismo\"},\"image\":{\"@id\":\"https:\/\/agrolucy.com\/#\/schema\/logo\/image\/\"}}]}<\/script>\n<!-- \/ Yoast SEO plugin. -->","yoast_head_json":{"title":"In\u00edcio - Agrolucy Turismo","robots":{"index":"index","follow":"follow","max-snippet":"max-snippet:-1","max-image-preview":"max-image-preview:large","max-video-preview":"max-video-preview:-1"},"canonical":"https:\/\/agrolucy.com\/","og_locale":"pt_BR","og_type":"article","og_title":"In\u00edcio - Agrolucy Turismo","og_description":"CULTIVANDO EXPERI\u00caNCIAS, COLHENDO MEM\u00d3RIAS AGUARDEM!Em breve, uma ag\u00eancia de viagens especialmente pra voc\u00ea.\u00a0 Fale conosco Escolha sua pr\u00f3xima experi\u00eancia: Busque aqui o seu v\u00f4o Escolha seus passeios e tenha uma experi\u00eancia completa QUERO ESCOLHER OS PASSEIOS Escolha sua hospedagem ou preencha o formul\u00e1rio para receber uma cota\u00e7\u00e3o personalizada QUERO UMA COTA\u00c7\u00c3O PERSONALIZADA Precisando de internet? [&hellip;]","og_url":"https:\/\/agrolucy.com\/","og_site_name":"Agrolucy Turismo","article_modified_time":"2025-08-12T23:50:54+00:00","og_image":[{"width":2560,"height":577,"url":"https:\/\/agrolucy.com\/wp-content\/uploads\/2025\/07\/AGROLUCY-12-scaled.png","type":"image\/png"}],"twitter_card":"summary_large_image","twitter_misc":{"Est. tempo de leitura":"1 minuto"},"schema":{"@context":"https:\/\/schema.org","@graph":[{"@type":"WebPage","@id":"https:\/\/agrolucy.com\/","url":"https:\/\/agrolucy.com\/","name":"In\u00edcio - Agrolucy Turismo","isPartOf":{"@id":"https:\/\/agrolucy.com\/#website"},"primaryImageOfPage":{"@id":"https:\/\/agrolucy.com\/#primaryimage"},"image":{"@id":"https:\/\/agrolucy.com\/#primaryimage"},"thumbnailUrl":"https:\/\/agrolucy.com\/wp-content\/uploads\/2025\/07\/AGROLUCY-12-1024x231.png","datePublished":"2025-07-23T19:13:03+00:00","dateModified":"2025-08-12T23:50:54+00:00","breadcrumb":{"@id":"https:\/\/agrolucy.com\/#breadcrumb"},"inLanguage":"pt-BR","potentialAction":[{"@type":"ReadAction","target":["https:\/\/agrolucy.com\/"]}]},{"@type":"ImageObject","inLanguage":"pt-BR","@id":"https:\/\/agrolucy.com\/#primaryimage","url":"https:\/\/agrolucy.com\/wp-content\/uploads\/2025\/07\/AGROLUCY-12-scaled.png","contentUrl":"https:\/\/agrolucy.com\/wp-content\/uploads\/2025\/07\/AGROLUCY-12-scaled.png","width":2560,"height":577},{"@type":"BreadcrumbList","@id":"https:\/\/agrolucy.com\/#breadcrumb","itemListElement":[{"@type":"ListItem","position":1,"name":"In\u00edcio","item":"https:\/\/agrolucy.com\/"},{"@type":"ListItem","position":2,"name":"In\u00edcio"}]},{"@type":"WebSite","@id":"https:\/\/agrolucy.com\/#website","url":"https:\/\/agrolucy.com\/","name":"Agrolucy Turismo","description":"Cultivando experi\u00eancias, colhendo mem\u00f3rias.","publisher":{"@id":"https:\/\/agrolucy.com\/#organization"},"potentialAction":[{"@type":"SearchAction","target":{"@type":"EntryPoint","urlTemplate":"https:\/\/agrolucy.com\/?s={search_term_string}"},"query-input":{"@type":"PropertyValueSpecification","valueRequired":true,"valueName":"search_term_string"}}],"inLanguage":"pt-BR"},{"@type":"Organization","@id":"https:\/\/agrolucy.com\/#organization","name":"Agrolucy Turismo","url":"https:\/\/agrolucy.com\/","logo":{"@type":"ImageObject","inLanguage":"pt-BR","@id":"https:\/\/agrolucy.com\/#\/schema\/logo\/image\/","url":"","contentUrl":"","caption":"Agrolucy Turismo"},"image":{"@id":"https:\/\/agrolucy.com\/#\/schema\/logo\/image\/"}}]}},"_links":{"self":[{"href":"https:\/\/agrolucy.com\/index.php\/wp-json\/wp\/v2\/pages\/47","targetHints":{"allow":["GET"]}}],"collection":[{"href":"https:\/\/agrolucy.com\/index.php\/wp-json\/wp\/v2\/pages"}],"about":[{"href":"https:\/\/agrolucy.com\/index.php\/wp-json\/wp\/v2\/types\/page"}],"author":[{"embeddable":true,"href":"https:\/\/agrolucy.com\/index.php\/wp-json\/wp\/v2\/users\/1"}],"replies":[{"embeddable":true,"href":"https:\/\/agrolucy.com\/index.php\/wp-json\/wp\/v2\/comments?post=47"}],"version-history":[{"count":99,"href":"https:\/\/agrolucy.com\/index.php\/wp-json\/wp\/v2\/pages\/47\/revisions"}],"predecessor-version":[{"id":266,"href":"https:\/\/agrolucy.com\/index.php\/wp-json\/wp\/v2\/pages\/47\/revisions\/266"}],"wp:attachment":[{"href":"https:\/\/agrolucy.com\/index.php\/wp-json\/wp\/v2\/media?parent=47"}],"curies":[{"name":"wp","href":"https:\/\/api.w.org\/{rel}","templated":true}]}}